{"id":5017,"date":"2021-12-09T04:58:17","date_gmt":"2021-12-09T04:58:17","guid":{"rendered":"https:\/\/mhs-messtechnik.at\/home\/messen-heisst-wissen-lassen-sie-uns-gemeinsam-ihr-wissen-erweitern\/"},"modified":"2025-10-03T01:19:16","modified_gmt":"2025-10-03T01:19:16","slug":"information-service","status":"publish","type":"page","link":"https:\/\/mhs-messtechnik.at\/en\/home\/information-service\/","title":{"rendered":"Information Service"},"content":{"rendered":"<div class=\"wpb-content-wrapper\"><p>[vc_row full_width=&#8221;stretch_row_content&#8221; parallax=&#8221;content-moving-fade&#8221; css=&#8221;.vc_custom_1733848091253{background-color: #1C2768 !important;}&#8221;][vc_column width=&#8221;1\/4&#8243;][\/vc_column][vc_column width=&#8221;1\/2&#8243;][vc_empty_space height=&#8221;60px&#8221;][vc_custom_heading text=&#8221;Information Service&#8221; font_container=&#8221;tag:h2|text_align:center|color:%23ffffff&#8221; use_theme_fonts=&#8221;yes&#8221;][vc_custom_heading text=&#8221;Subscribe to our free information service for news from our company and the industry. Guaranteed no spam and without passing on your data to third parties.&#8221; font_container=&#8221;tag:p|text_align:center|color:%23ffffff&#8221; use_theme_fonts=&#8221;yes&#8221;][vc_empty_space][vc_column_text css=&#8221;&#8221;]\t\t\t\t\t<script type=\"text\/javascript\">\n\t\t\t\t\t\tvar gCaptchaSibWidget;\n                        var onloadSibCallbackInvisible = function () {\n\n                            var element = document.getElementsByClassName('sib-default-btn');\n                            var countInvisible = 0;\n                            var indexArray = [];\n                            jQuery('.sib-default-btn').each(function (index, el) {\n                                if ((jQuery(el).attr('id') == \"invisible\")) {\n                                    indexArray[countInvisible] = index;\n                                    countInvisible++\n                                }\n                            });\n\n                            jQuery('.invi-recaptcha').each(function (index, el) {\n                                grecaptcha.render(element[indexArray[index]], {\n                                    'sitekey': jQuery(el).attr('data-sitekey'),\n                                    'callback': sibVerifyCallback,\n                                });\n                            });\n                        };\n\t\t\t\t\t<\/script>\n\t\t\t\t\t                <script src=\"https:\/\/www.google.com\/recaptcha\/api.js?onload=onloadSibCallbackInvisible&render=explicit\" async defer><\/script>\n\t\t\t\t\n\t\t\t<form id=\"sib_signup_form_2\" method=\"post\" class=\"sib_signup_form\">\n\t\t\t\t<div class=\"sib_loader\" style=\"display:none;\"><img\n\t\t\t\t\t\t\tsrc=\"https:\/\/mhs-messtechnik.at\/wp-includes\/images\/spinner.gif\" alt=\"loader\"><\/div>\n\t\t\t\t<input type=\"hidden\" name=\"sib_form_action\" value=\"subscribe_form_submit\">\n\t\t\t\t<input type=\"hidden\" name=\"sib_form_id\" value=\"2\">\n                <input type=\"hidden\" name=\"sib_form_alert_notice\" value=\"Please fill in this field.\">\n                <input type=\"hidden\" name=\"sib_form_invalid_email_notice\" value=\"Your email address is invalid.\">\n                <input type=\"hidden\" name=\"sib_security\" value=\"652cfdc034\">\n\t\t\t\t<div class=\"sib_signup_box_inside_2\">\n\t\t\t\t\t<div style=\"\/*display:none*\/\" class=\"sib_msg_disp\">\n\t\t\t\t\t<\/div>\n                                            <div id=\"sib_captcha_invisible\" class=\"invi-recaptcha\" data-sitekey=\"6LdCsKYdAAAAAFv2nIAmDTwIfs7UEhHoInTHFYy2\"><\/div>\n                    \t\t\t\t\t<p class=\"sib-UNTERNEHMEN-area\"> \r\n    <label class=\"sib-UNTERNEHMEN-area\">Unternehmen:<\/label> \r\n    <input type=\"text\" class=\"sib-UNTERNEHMEN-area\" name=\"UNTERNEHMEN\" required=\"required\" placeholder=\"Company\"> \r\n<\/p>\r\n\r\n\r\n<p class=\"sib-NACHNAME-area\"> \r\n    <label class=\"sib-NACHNAME-area\">Nachname:*<\/label> \r\n    <input type=\"text\" class=\"sib-NACHNAME-area\" name=\"NACHNAME\" required=\"required\" placeholder=\"Last name\"> \r\n<\/p>\r\n\r\n<p class=\"sib-VORNAME-area\"> \r\n    <label class=\"sib-VORNAME-area\">Vorname:<\/label> \r\n    <input type=\"text\" class=\"sib-VORNAME-area\" name=\"VORNAME\" placeholder=\"First name\"> \r\n<\/p>\r\n\r\n<p class=\"sib-email-area\"> \r\n    <label class=\"sib-email-area\">E-Mail:*<\/label> \r\n    <input type=\"email\" class=\"sib-email-area\" name=\"email\" placeholder=\"Email address\" value=\"\" required=\"required\"> \r\n<\/p>\r\n<\/br>\r\n\r\n<input type=\"checkbox\" name=\"terms\" required=\"required\"> I accept the <a href=\"https:\/\/mhs-messtechnik.at\/en\/privacy-policy\/\">Privacy Policy<\/a> \r\n\r\n<p>\r\n    <input type=\"submit\" id=\"invisible\" class=\"sib-default-btn\" value=\"Subscribe\">\r\n<\/p>\t\t\t\t<\/div>\n\t\t\t<\/form>\n\t\t\t<style>\n\t\t\t\t\/* Allgemeine Anpassungen f\u00fcr das Formular-Container-Element *\/ form#sib_signup_form_2 { padding: 5px; -moz-box-sizing:border-box; -webkit-box-sizing: border-box; box-sizing: border-box; \/* NEU: Zentriert alle Textelemente (wie den Datenschutzhinweis) im Formular *\/ text-align: center; \/* Setzt die Standardfarbe f\u00fcr alle Texte (au\u00dfer Inputs) im Formular auf Wei\u00df und Fett *\/ color: white !important; font-weight: 700 !important; } \/* Styling der Eingabefelder *\/ form#sib_signup_form_2 input[type=text], form#sib_signup_form_2 input[type=email], form#sib_signup_form_2 select { width: 100%; border: 1px solid #bbb; \/* NEU: Textausrichtung innerhalb der Felder bleibt linksb\u00fcndig *\/ text-align: left; \/* Schriftfarbe in Eingabefeldern ist schwarz *\/ color: black; \/* H\u00f6he um 20px erh\u00f6ht *\/ height: 40px; \/* Abstand oben und unten verringert *\/ margin: 3px 0 3px 0; } \/* 1. Labels in wei\u00dfer Schrift und 2. Labels ausblenden (f\u00fcr Placeholder-Effekt) *\/ form#sib_signup_form_2 label { display: none !important; \/* Blendet Labels aus. HINWEIS: Bitte Placeholder in Brevo nutzen! *\/ color: white !important; \/* Falls das Ausblenden nicht funktioniert, bleibt die Schrift wei\u00df. *\/ } \/* 3. Anpassung des Datenschutzhinweises (Text und Link) *\/ \/* Spezifische Anpassung f\u00fcr den Link im Datenschutzhinweis *\/ form#sib_signup_form_2 a { color: white !important; \/* Stellt sicher, dass der Link wei\u00df ist *\/ text-decoration: underline !important; \/* Stellt sicher, dass der Link unterstrichen ist *\/ font-weight: 700 !important; \/* Stellt sicher, dass der Link fett ist *\/ } \/* 4. Submit-Button anpassen (Abstand, Zentrierung, Design, KEINE RUNDEN ECKEN) *\/ \/* Zentrierung des Buttons \u00fcber das umschlie\u00dfende -Element *\/ form#sib_signup_form_2 p:last-of-type { \/* Selektiert das letzte -Element, das den Submit-Button enth\u00e4lt *\/ text-align: center; } form#sib_signup_form_2 .sib-default-btn { \/* Abstand (Padding) zwischen Text und Rand beibehalten (10px auf allen Seiten) *\/ padding: 10px 20px; \/* Standard-Design (Nicht-Hover) *\/ color: white; background-color: transparent; border: 1px solid white; font-size: 14px; font-weight: 700; line-height: 1.4285; text-align: center; cursor: pointer; vertical-align: middle; -webkit-user-select:none; -moz-user-select:none; -ms-user-select:none; user-select:none; white-space: normal; border-radius: 0; \/* Entfernt die abgerundeten Ecken *\/ margin: 5px auto; } \/* Button:hover Anpassung *\/ form#sib_signup_form_2 .sib-default-btn:hover { \/* Hintergrundfarbe auf Wei\u00df *\/ background-color: white; \/* Schriftfarbe auf HEX #1c2768 *\/ color: #1c2768; \/* Randfarbe bleibt Wei\u00df, um Konsistenz zu gew\u00e4hrleisten, kann aber bei Bedarf ge\u00e4ndert werden *\/ border-color: white; }form#sib_signup_form_2 p.sib-alert-message {\n    padding: 6px 12px;\n    margin-bottom: 20px;\n    border: 1px solid transparent;\n    border-radius: 4px;\n    -webkit-box-sizing: border-box;\n    -moz-box-sizing: border-box;\n    box-sizing: border-box;\n}\nform#sib_signup_form_2 p.sib-alert-message-error {\n    background-color: #f2dede;\n    border-color: #ebccd1;\n    color: #a94442;\n}\nform#sib_signup_form_2 p.sib-alert-message-success {\n    background-color: #dff0d8;\n    border-color: #d6e9c6;\n    color: #3c763d;\n}\nform#sib_signup_form_2 p.sib-alert-message-warning {\n    background-color: #fcf8e3;\n    border-color: #faebcc;\n    color: #8a6d3b;\n}\n\t\t\t<\/style>\n\t\t\t[\/vc_column_text][vc_empty_space height=&#8221;150px&#8221;][\/vc_column][vc_column width=&#8221;1\/4&#8243;][\/vc_column][\/vc_row]<\/p>\n<\/div>","protected":false},"excerpt":{"rendered":"<p>[vc_row full_width=&#8221;stretch_row_content&#8221; parallax=&#8221;content-moving-fade&#8221; css=&#8221;.vc_custom_1733848091253{background-color: #1C2768 !important;}&#8221;][vc_column width=&#8221;1\/4&#8243;][\/vc_column][vc_column width=&#8221;1\/2&#8243;][vc_empty_space height=&#8221;60px&#8221;][vc_custom_heading text=&#8221;Information Service&#8221; font_container=&#8221;tag:h2|text_align:center|color:%23ffffff&#8221; use_theme_fonts=&#8221;yes&#8221;][vc_custom_heading text=&#8221;Subscribe to our free information service for news from our [&hellip;]<\/p>\n","protected":false},"author":7,"featured_media":0,"parent":4924,"menu_order":9,"comment_status":"closed","ping_status":"closed","template":"","meta":{"footnotes":""},"class_list":["post-5017","page","type-page","status-publish","hentry"],"_links":{"self":[{"href":"https:\/\/mhs-messtechnik.at\/en\/wp-json\/wp\/v2\/pages\/5017","targetHints":{"allow":["GET"]}}],"collection":[{"href":"https:\/\/mhs-messtechnik.at\/en\/wp-json\/wp\/v2\/pages"}],"about":[{"href":"https:\/\/mhs-messtechnik.at\/en\/wp-json\/wp\/v2\/types\/page"}],"author":[{"embeddable":true,"href":"https:\/\/mhs-messtechnik.at\/en\/wp-json\/wp\/v2\/users\/7"}],"replies":[{"embeddable":true,"href":"https:\/\/mhs-messtechnik.at\/en\/wp-json\/wp\/v2\/comments?post=5017"}],"version-history":[{"count":5,"href":"https:\/\/mhs-messtechnik.at\/en\/wp-json\/wp\/v2\/pages\/5017\/revisions"}],"predecessor-version":[{"id":6214,"href":"https:\/\/mhs-messtechnik.at\/en\/wp-json\/wp\/v2\/pages\/5017\/revisions\/6214"}],"up":[{"embeddable":true,"href":"https:\/\/mhs-messtechnik.at\/en\/wp-json\/wp\/v2\/pages\/4924"}],"wp:attachment":[{"href":"https:\/\/mhs-messtechnik.at\/en\/wp-json\/wp\/v2\/media?parent=5017"}],"curies":[{"name":"wp","href":"https:\/\/api.w.org\/{rel}","templated":true}]}}