{"id":281,"date":"2016-01-17T16:28:47","date_gmt":"2016-01-17T16:28:47","guid":{"rendered":"http:\/\/keysoft-wp.keydesign-themes.com\/?page_id=281"},"modified":"2026-02-19T14:36:46","modified_gmt":"2026-02-19T14:36:46","slug":"team","status":"publish","type":"page","link":"https:\/\/mhs-messtechnik.at\/de\/home\/team\/","title":{"rendered":"Unser Team"},"content":{"rendered":"<div class=\"wpb-content-wrapper\"><p>[vc_row el_id=&#8221;team&#8221;][vc_column width=&#8221;1\/3&#8243; offset=&#8221;vc_hidden-sm&#8221;]<div class=\"team-member kd-animated zoomIn team-text-breaks\" data-animation-delay=400>\n                <div class=\"team-content\">\n                    <div class=\"team-image\"><img loading=\"lazy\" decoding=\"async\" width=\"960\" height=\"960\" src=\"https:\/\/mhs-messtechnik.at\/wp-content\/uploads\/2021\/12\/MHS-Team-Foto-Katharina-Maria-Schaffer.jpg\" class=\"attachment-full\" alt=\"\" title=\"\" srcset=\"https:\/\/mhs-messtechnik.at\/wp-content\/uploads\/2021\/12\/MHS-Team-Foto-Katharina-Maria-Schaffer.jpg 960w, https:\/\/mhs-messtechnik.at\/wp-content\/uploads\/2021\/12\/MHS-Team-Foto-Katharina-Maria-Schaffer-300x300.jpg 300w, https:\/\/mhs-messtechnik.at\/wp-content\/uploads\/2021\/12\/MHS-Team-Foto-Katharina-Maria-Schaffer-150x150.jpg 150w, https:\/\/mhs-messtechnik.at\/wp-content\/uploads\/2021\/12\/MHS-Team-Foto-Katharina-Maria-Schaffer-768x768.jpg 768w\" sizes=\"auto, (max-width: 960px) 100vw, 960px\" \/><div class=\"team-content-hover\" >\n                  <div class=\"gradient-overlay\"><\/div><h5>Katharina Maria Schaffer<\/h5><p><strong>Gesch\u00e4ftsf\u00fchrung<\/strong><\/p>\n<p>Tel: +43(0) 4262 4931-12 &amp; 13<br \/>\nMobil: +43(0) 664 849 5776<br \/>\nMail: kmschaffer(at)mhs-messtechnik.at<\/p><a class=\"team-more-link\" href=\"mailto: kmschaffer@mhs-messtechnik.at\"target=\"\"title=\"E-Mail schreiben\">E-Mail schreiben<\/a><div class=\"team-socials\"><\/div><\/div><\/div><h5>Katharina Maria Schaffer<\/h5><\/div><\/div><div class=\"team-member kd-animated zoomIn team-text-breaks\" data-animation-delay=600>\n                <div class=\"team-content\">\n                    <div class=\"team-image\"><img loading=\"lazy\" decoding=\"async\" width=\"960\" height=\"960\" src=\"https:\/\/mhs-messtechnik.at\/wp-content\/uploads\/2021\/12\/MHS-Team-Foto-Kreuter-Martin.jpg\" class=\"attachment-full\" alt=\"\" title=\"\" srcset=\"https:\/\/mhs-messtechnik.at\/wp-content\/uploads\/2021\/12\/MHS-Team-Foto-Kreuter-Martin.jpg 960w, https:\/\/mhs-messtechnik.at\/wp-content\/uploads\/2021\/12\/MHS-Team-Foto-Kreuter-Martin-300x300.jpg 300w, https:\/\/mhs-messtechnik.at\/wp-content\/uploads\/2021\/12\/MHS-Team-Foto-Kreuter-Martin-150x150.jpg 150w, https:\/\/mhs-messtechnik.at\/wp-content\/uploads\/2021\/12\/MHS-Team-Foto-Kreuter-Martin-768x768.jpg 768w\" sizes=\"auto, (max-width: 960px) 100vw, 960px\" \/><div class=\"team-content-hover\" >\n                  <div class=\"gradient-overlay\"><\/div><h5>Martin Kreuter<\/h5><p><strong>Leitung der Kalibrierung<\/strong><\/p>\n<p>Tel: +43(0) 4262 4931-17<br \/>\nMobil: +43(0) 664 849 5777<br \/>\nMail: kreuter(at)mhs-messtechnik.at<\/p><a class=\"team-more-link\" href=\"mailto: kreuter@mhs-messtechnik.at\"target=\"\"title=\"E-Mail schreiben\">E-Mail schreiben<\/a><div class=\"team-socials\"><\/div><\/div><\/div><h5>Martin Kreuter<\/h5><\/div><\/div>[\/vc_column][vc_column width=&#8221;1\/3&#8243; offset=&#8221;vc_hidden-sm&#8221;]<div class=\"team-member kd-animated zoomIn team-text-breaks\" data-animation-delay=600>\n                <div class=\"team-content\">\n                    <div class=\"team-image\"><img loading=\"lazy\" decoding=\"async\" width=\"960\" height=\"960\" src=\"https:\/\/mhs-messtechnik.at\/wp-content\/uploads\/2021\/12\/MHS-Team-Foto-Schulz-Bernhard.jpg\" class=\"attachment-full\" alt=\"\" title=\"\" srcset=\"https:\/\/mhs-messtechnik.at\/wp-content\/uploads\/2021\/12\/MHS-Team-Foto-Schulz-Bernhard.jpg 960w, https:\/\/mhs-messtechnik.at\/wp-content\/uploads\/2021\/12\/MHS-Team-Foto-Schulz-Bernhard-300x300.jpg 300w, https:\/\/mhs-messtechnik.at\/wp-content\/uploads\/2021\/12\/MHS-Team-Foto-Schulz-Bernhard-150x150.jpg 150w, https:\/\/mhs-messtechnik.at\/wp-content\/uploads\/2021\/12\/MHS-Team-Foto-Schulz-Bernhard-768x768.jpg 768w\" sizes=\"auto, (max-width: 960px) 100vw, 960px\" \/><div class=\"team-content-hover\" >\n                  <div class=\"gradient-overlay\"><\/div><h5>Bernhard Schulz<\/h5><p><strong>stv. Gesch\u00e4ftsf\u00fchrer, Verkauf, Kalibrierung, Qualit\u00e4tsmanagement<\/strong><br \/>\nTel: +43(0) 4262 4931-15<br \/>\nMobil: +43(0) 664 849 5775<br \/>\nMail: schulz(at)mhs-messtechnik.at<\/p><a class=\"team-more-link\" href=\"mailto: schulz@mhs-messtechnik.at\"target=\"\"title=\"E-Mail schreiben\">E-Mail schreiben<\/a><div class=\"team-socials\"><\/div><\/div><\/div><h5>Bernhard Schulz<\/h5><\/div><\/div><div class=\"team-member kd-animated zoomIn team-text-breaks\" >\n                <div class=\"team-content\">\n                    <div class=\"team-image\"><img loading=\"lazy\" decoding=\"async\" width=\"888\" height=\"888\" src=\"https:\/\/mhs-messtechnik.at\/wp-content\/uploads\/2021\/12\/MHS-Josef-Schaffer-Neu.jpg\" class=\"attachment-full\" alt=\"\" title=\"\" srcset=\"https:\/\/mhs-messtechnik.at\/wp-content\/uploads\/2021\/12\/MHS-Josef-Schaffer-Neu.jpg 888w, https:\/\/mhs-messtechnik.at\/wp-content\/uploads\/2021\/12\/MHS-Josef-Schaffer-Neu-300x300.jpg 300w, https:\/\/mhs-messtechnik.at\/wp-content\/uploads\/2021\/12\/MHS-Josef-Schaffer-Neu-150x150.jpg 150w, https:\/\/mhs-messtechnik.at\/wp-content\/uploads\/2021\/12\/MHS-Josef-Schaffer-Neu-768x768.jpg 768w\" sizes=\"auto, (max-width: 888px) 100vw, 888px\" \/><div class=\"team-content-hover\" >\n                  <div class=\"gradient-overlay\"><\/div><h5>Josef Schaffer<\/h5><p><strong>Gesellschafter<\/strong><\/p>\n<p>Mobil: +43(0) 664 21 00 733<\/p>\n<p>Mail:<br \/>\nschaffer(at)mhs-messtechnik.at<\/p><a class=\"team-more-link\" href=\"mailto: schaffer@mhs-messtechnik.at\"target=\"\"title=\"E-Mail schreiben\">E-Mail schreiben<\/a><div class=\"team-socials\"><\/div><\/div><\/div><h5>Josef Schaffer<\/h5><\/div><\/div>[\/vc_column][vc_column width=&#8221;1\/3&#8243; offset=&#8221;vc_hidden-sm&#8221;]<div class=\"team-member kd-animated zoomIn team-text-breaks\" data-animation-delay=200>\n                <div class=\"team-content\">\n                    <div class=\"team-image\"><img loading=\"lazy\" decoding=\"async\" width=\"960\" height=\"960\" src=\"https:\/\/mhs-messtechnik.at\/wp-content\/uploads\/2021\/12\/MHS-Team-Foto-Manfred-Rattenberger.jpg\" class=\"attachment-full\" alt=\"\" title=\"\" srcset=\"https:\/\/mhs-messtechnik.at\/wp-content\/uploads\/2021\/12\/MHS-Team-Foto-Manfred-Rattenberger.jpg 960w, https:\/\/mhs-messtechnik.at\/wp-content\/uploads\/2021\/12\/MHS-Team-Foto-Manfred-Rattenberger-300x300.jpg 300w, https:\/\/mhs-messtechnik.at\/wp-content\/uploads\/2021\/12\/MHS-Team-Foto-Manfred-Rattenberger-150x150.jpg 150w, https:\/\/mhs-messtechnik.at\/wp-content\/uploads\/2021\/12\/MHS-Team-Foto-Manfred-Rattenberger-768x768.jpg 768w\" sizes=\"auto, (max-width: 960px) 100vw, 960px\" \/><div class=\"team-content-hover\" >\n                  <div class=\"gradient-overlay\"><\/div><h5>Manfred Rattenberger<\/h5><p><strong>Technische Leitung, Entwicklung, IT<\/strong><\/p>\n<p>Tel: +43(0) 4262 4931-16<br \/>\nMobil: +43(0) 664 849 5778<br \/>\nMail: rattenberger(at)mhs-messtechnik.at<\/p><a class=\"team-more-link\" href=\"mailto: rattenberger@mhs-messtechnik.at\"target=\"\"title=\"E-Mail schreiben\">E-Mail schreiben<\/a><div class=\"team-socials\"><\/div><\/div><\/div><h5>Manfred Rattenberger<\/h5><\/div><\/div><div class=\"team-member  team-text-breaks\" >\n                <div class=\"team-content\">\n                    <div class=\"team-image\"><img loading=\"lazy\" decoding=\"async\" width=\"800\" height=\"800\" src=\"https:\/\/mhs-messtechnik.at\/wp-content\/uploads\/2021\/12\/MHS-Avatarbild.png\" class=\"attachment-full\" alt=\"\" title=\"\" srcset=\"https:\/\/mhs-messtechnik.at\/wp-content\/uploads\/2021\/12\/MHS-Avatarbild.png 800w, https:\/\/mhs-messtechnik.at\/wp-content\/uploads\/2021\/12\/MHS-Avatarbild-300x300.png 300w, https:\/\/mhs-messtechnik.at\/wp-content\/uploads\/2021\/12\/MHS-Avatarbild-150x150.png 150w, https:\/\/mhs-messtechnik.at\/wp-content\/uploads\/2021\/12\/MHS-Avatarbild-768x768.png 768w\" sizes=\"auto, (max-width: 800px) 100vw, 800px\" \/><div class=\"team-content-hover\" style=\"background-color: #11296F;\">\n                  <div class=\"gradient-overlay\"><\/div><h5>M\u00f6glicherweise Sie?<\/h5><p><strong>Bewerben Sie sich!<\/strong><br \/>\nWir freuen uns auf Ihre Bewerbung.<br \/>\nTel: +43(0) 4262 4931<br \/>\nMail: office(at)mhs-messtechnik.at<\/p><a class=\"team-more-link\" href=\"https:\/\/mhs-messtechnik.at\/de\/unternehmen\/\"target=\"_blank\"title=\"Mehr \u00fcber uns\">Mehr \u00fcber uns<\/a><div class=\"team-socials\"><\/div><\/div><\/div><h5>M\u00f6glicherweise Sie?<\/h5><\/div><\/div>[\/vc_column][\/vc_row][vc_row][vc_column width=&#8221;1\/2&#8243; offset=&#8221;vc_hidden-lg vc_hidden-md vc_hidden-xs&#8221;]<div class=\"team-member kd-animated zoomIn \" data-animation-delay=400>\n                <div class=\"team-content\">\n                    <div class=\"team-image\"><img loading=\"lazy\" decoding=\"async\" width=\"960\" height=\"960\" src=\"https:\/\/mhs-messtechnik.at\/wp-content\/uploads\/2021\/12\/MHS-Team-Foto-Katharina-Maria-Schaffer.jpg\" class=\"attachment-full\" alt=\"\" title=\"\" srcset=\"https:\/\/mhs-messtechnik.at\/wp-content\/uploads\/2021\/12\/MHS-Team-Foto-Katharina-Maria-Schaffer.jpg 960w, https:\/\/mhs-messtechnik.at\/wp-content\/uploads\/2021\/12\/MHS-Team-Foto-Katharina-Maria-Schaffer-300x300.jpg 300w, https:\/\/mhs-messtechnik.at\/wp-content\/uploads\/2021\/12\/MHS-Team-Foto-Katharina-Maria-Schaffer-150x150.jpg 150w, https:\/\/mhs-messtechnik.at\/wp-content\/uploads\/2021\/12\/MHS-Team-Foto-Katharina-Maria-Schaffer-768x768.jpg 768w\" sizes=\"auto, (max-width: 960px) 100vw, 960px\" \/><div class=\"team-content-hover\" >\n                  <div class=\"gradient-overlay\"><\/div><h5>Katharina Maria Schaffer<\/h5><p><strong>Gesch\u00e4fts-<br \/>\nf\u00fchrung<\/strong><\/p>\n<p>Tel: +43(0) 4262 4931-12 &amp; 13<br \/>\nMobil: +43(0) 664 849 5776<br \/>\nMail: kmschaffer(at)mhs-messtechnik.at<\/p><a class=\"team-more-link\" href=\"mailto: kmschaffer@mhs-messtechnik.at\"target=\"\"title=\"E-Mail schreiben\">E-Mail schreiben<\/a><div class=\"team-socials\"><\/div><\/div><\/div><h5>Katharina Maria Schaffer<\/h5><\/div><\/div><div class=\"team-member kd-animated zoomIn \" data-animation-delay=200>\n                <div class=\"team-content\">\n                    <div class=\"team-image\"><img loading=\"lazy\" decoding=\"async\" width=\"960\" height=\"960\" src=\"https:\/\/mhs-messtechnik.at\/wp-content\/uploads\/2021\/12\/MHS-Team-Foto-Manfred-Rattenberger.jpg\" class=\"attachment-full\" alt=\"\" title=\"\" srcset=\"https:\/\/mhs-messtechnik.at\/wp-content\/uploads\/2021\/12\/MHS-Team-Foto-Manfred-Rattenberger.jpg 960w, https:\/\/mhs-messtechnik.at\/wp-content\/uploads\/2021\/12\/MHS-Team-Foto-Manfred-Rattenberger-300x300.jpg 300w, https:\/\/mhs-messtechnik.at\/wp-content\/uploads\/2021\/12\/MHS-Team-Foto-Manfred-Rattenberger-150x150.jpg 150w, https:\/\/mhs-messtechnik.at\/wp-content\/uploads\/2021\/12\/MHS-Team-Foto-Manfred-Rattenberger-768x768.jpg 768w\" sizes=\"auto, (max-width: 960px) 100vw, 960px\" \/><div class=\"team-content-hover\" >\n                  <div class=\"gradient-overlay\"><\/div><h5>Manfred Rattenberger<\/h5><p><strong>Technische Leitung, Entwicklung,<br \/>\nIT<\/strong><br \/>\nTel: +43(0) 4262 4931-16<br \/>\nMobil: +43(0) 664 849 5778<br \/>\nMail: rattenberger(at)mhs-messtechnik.at<\/p><a class=\"team-more-link\" href=\"mailto: rattenberger@mhs-messtechnik.at\"target=\"\"title=\"E-Mail schreiben\">E-Mail schreiben<\/a><div class=\"team-socials\"><\/div><\/div><\/div><h5>Manfred Rattenberger<\/h5><\/div><\/div><div class=\"team-member kd-animated zoomIn \" >\n                <div class=\"team-content\">\n                    <div class=\"team-image\"><img loading=\"lazy\" decoding=\"async\" width=\"888\" height=\"888\" src=\"https:\/\/mhs-messtechnik.at\/wp-content\/uploads\/2021\/12\/MHS-Josef-Schaffer-Neu.jpg\" class=\"attachment-full\" alt=\"\" title=\"\" srcset=\"https:\/\/mhs-messtechnik.at\/wp-content\/uploads\/2021\/12\/MHS-Josef-Schaffer-Neu.jpg 888w, https:\/\/mhs-messtechnik.at\/wp-content\/uploads\/2021\/12\/MHS-Josef-Schaffer-Neu-300x300.jpg 300w, https:\/\/mhs-messtechnik.at\/wp-content\/uploads\/2021\/12\/MHS-Josef-Schaffer-Neu-150x150.jpg 150w, https:\/\/mhs-messtechnik.at\/wp-content\/uploads\/2021\/12\/MHS-Josef-Schaffer-Neu-768x768.jpg 768w\" sizes=\"auto, (max-width: 888px) 100vw, 888px\" \/><div class=\"team-content-hover\" >\n                  <div class=\"gradient-overlay\"><\/div><h5>Josef Schaffer<\/h5><p><strong>Gesellschafter<\/strong><\/p>\n<p>Telefon:<br \/>\n+43(0) 664 21 00 733<br \/>\nE-Mail:<br \/>\nschaffer(at)mhs-messtechnik.at<\/p><a class=\"team-more-link\" href=\"mailto: schaffer@mhs-messtechnik.at\"target=\"\"title=\"E-Mail schreiben\">E-Mail schreiben<\/a><div class=\"team-socials\"><\/div><\/div><\/div><h5>Josef Schaffer<\/h5><\/div><\/div>[\/vc_column][vc_column width=&#8221;1\/2&#8243; offset=&#8221;vc_hidden-lg vc_hidden-md vc_hidden-xs&#8221;]<div class=\"team-member kd-animated zoomIn \" data-animation-delay=600>\n                <div class=\"team-content\">\n                    <div class=\"team-image\"><img loading=\"lazy\" decoding=\"async\" width=\"960\" height=\"960\" src=\"https:\/\/mhs-messtechnik.at\/wp-content\/uploads\/2021\/12\/MHS-Team-Foto-Schulz-Bernhard.jpg\" class=\"attachment-full\" alt=\"\" title=\"\" srcset=\"https:\/\/mhs-messtechnik.at\/wp-content\/uploads\/2021\/12\/MHS-Team-Foto-Schulz-Bernhard.jpg 960w, https:\/\/mhs-messtechnik.at\/wp-content\/uploads\/2021\/12\/MHS-Team-Foto-Schulz-Bernhard-300x300.jpg 300w, https:\/\/mhs-messtechnik.at\/wp-content\/uploads\/2021\/12\/MHS-Team-Foto-Schulz-Bernhard-150x150.jpg 150w, https:\/\/mhs-messtechnik.at\/wp-content\/uploads\/2021\/12\/MHS-Team-Foto-Schulz-Bernhard-768x768.jpg 768w\" sizes=\"auto, (max-width: 960px) 100vw, 960px\" \/><div class=\"team-content-hover\" >\n                  <div class=\"gradient-overlay\"><\/div><h5>Bernhard Schulz<\/h5><p><strong>stv. Gesch\u00e4ftsf\u00fchrer, Verkauf, Kalibrierung, Qualit\u00e4tsmanagement<\/strong><br \/>\nTel: +43(0) 4262 4931-15<br \/>\nMobil: +43(0) 664 849 5775<br \/>\nMail: schulz(at)mhs-messtechnik.at<\/p><a class=\"team-more-link\" href=\"mailto: schulz@mhs-messtechnik.at\"target=\"\"title=\"E-Mail schreiben\">E-Mail schreiben<\/a><div class=\"team-socials\"><\/div><\/div><\/div><h5>Bernhard Schulz<\/h5><\/div><\/div><div class=\"team-member kd-animated zoomIn \" data-animation-delay=600>\n                <div class=\"team-content\">\n                    <div class=\"team-image\"><img loading=\"lazy\" decoding=\"async\" width=\"960\" height=\"960\" src=\"https:\/\/mhs-messtechnik.at\/wp-content\/uploads\/2021\/12\/MHS-Team-Foto-Kreuter-Martin.jpg\" class=\"attachment-full\" alt=\"\" title=\"\" srcset=\"https:\/\/mhs-messtechnik.at\/wp-content\/uploads\/2021\/12\/MHS-Team-Foto-Kreuter-Martin.jpg 960w, https:\/\/mhs-messtechnik.at\/wp-content\/uploads\/2021\/12\/MHS-Team-Foto-Kreuter-Martin-300x300.jpg 300w, https:\/\/mhs-messtechnik.at\/wp-content\/uploads\/2021\/12\/MHS-Team-Foto-Kreuter-Martin-150x150.jpg 150w, https:\/\/mhs-messtechnik.at\/wp-content\/uploads\/2021\/12\/MHS-Team-Foto-Kreuter-Martin-768x768.jpg 768w\" sizes=\"auto, (max-width: 960px) 100vw, 960px\" \/><div class=\"team-content-hover\" >\n                  <div class=\"gradient-overlay\"><\/div><h5>Martin Kreuter<\/h5><p><strong>Leitung der Kalibrierung<\/strong><br \/>\nTel: +43(0) 4262 4931-17<br \/>\nMobil: +43(0) 664 849 5777<br \/>\nMail: kreuter(at)mhs-messtechnik.at<\/p><a class=\"team-more-link\" href=\"mailto: kreuter@mhs-messtechnik.at\"target=\"\"title=\"E-Mail schreiben\">E-Mail schreiben<\/a><div class=\"team-socials\"><\/div><\/div><\/div><h5>Martin Kreuter<\/h5><\/div><\/div><div class=\"team-member  \" >\n                <div class=\"team-content\">\n                    <div class=\"team-image\"><img loading=\"lazy\" decoding=\"async\" width=\"800\" height=\"800\" src=\"https:\/\/mhs-messtechnik.at\/wp-content\/uploads\/2021\/12\/MHS-Avatarbild.png\" class=\"attachment-full\" alt=\"\" title=\"\" srcset=\"https:\/\/mhs-messtechnik.at\/wp-content\/uploads\/2021\/12\/MHS-Avatarbild.png 800w, https:\/\/mhs-messtechnik.at\/wp-content\/uploads\/2021\/12\/MHS-Avatarbild-300x300.png 300w, https:\/\/mhs-messtechnik.at\/wp-content\/uploads\/2021\/12\/MHS-Avatarbild-150x150.png 150w, https:\/\/mhs-messtechnik.at\/wp-content\/uploads\/2021\/12\/MHS-Avatarbild-768x768.png 768w\" sizes=\"auto, (max-width: 800px) 100vw, 800px\" \/><div class=\"team-content-hover\" style=\"background-color: #11296F;\">\n                  <div class=\"gradient-overlay\"><\/div><h5>M\u00f6glicherweise Sie?<\/h5><p><strong>Bewerben Sie sich!<\/strong><br \/>\nWir freuen uns auf Ihre Bewerbung.<br \/>\nTel: +43(0) 4262 4931<br \/>\nMail: office(at)mhs-messtechnik.at<\/p><a class=\"team-more-link\" href=\"https:\/\/mhs-messtechnik.at\/de\/unternehmen\/\"target=\"_blank\"title=\"Mehr \u00fcber uns\">Mehr \u00fcber uns<\/a><div class=\"team-socials\"><\/div><\/div><\/div><h5>M\u00f6glicherweise Sie?<\/h5><\/div><\/div>[\/vc_column][\/vc_row]<\/p>\n<\/div>","protected":false},"excerpt":{"rendered":"<p>[vc_row el_id=&#8221;team&#8221;][vc_column width=&#8221;1\/3&#8243; offset=&#8221;vc_hidden-sm&#8221;][\/vc_column][vc_column width=&#8221;1\/3&#8243; offset=&#8221;vc_hidden-sm&#8221;][\/vc_column][vc_column width=&#8221;1\/3&#8243; offset=&#8221;vc_hidden-sm&#8221;][\/vc_column][\/vc_row][vc_row][vc_column width=&#8221;1\/2&#8243; offset=&#8221;vc_hidden-lg vc_hidden-md vc_hidden-xs&#8221;][\/vc_column][vc_column width=&#8221;1\/2&#8243; offset=&#8221;vc_hidden-lg vc_hidden-md vc_hidden-xs&#8221;][\/vc_column][\/vc_row]<\/p>\n","protected":false},"author":7,"featured_media":0,"parent":361,"menu_order":8,"comment_status":"closed","ping_status":"closed","template":"","meta":{"footnotes":""},"class_list":["post-281","page","type-page","status-publish","hentry"],"_links":{"self":[{"href":"https:\/\/mhs-messtechnik.at\/de\/wp-json\/wp\/v2\/pages\/281","targetHints":{"allow":["GET"]}}],"collection":[{"href":"https:\/\/mhs-messtechnik.at\/de\/wp-json\/wp\/v2\/pages"}],"about":[{"href":"https:\/\/mhs-messtechnik.at\/de\/wp-json\/wp\/v2\/types\/page"}],"author":[{"embeddable":true,"href":"https:\/\/mhs-messtechnik.at\/de\/wp-json\/wp\/v2\/users\/7"}],"replies":[{"embeddable":true,"href":"https:\/\/mhs-messtechnik.at\/de\/wp-json\/wp\/v2\/comments?post=281"}],"version-history":[{"count":176,"href":"https:\/\/mhs-messtechnik.at\/de\/wp-json\/wp\/v2\/pages\/281\/revisions"}],"predecessor-version":[{"id":6569,"href":"https:\/\/mhs-messtechnik.at\/de\/wp-json\/wp\/v2\/pages\/281\/revisions\/6569"}],"up":[{"embeddable":true,"href":"https:\/\/mhs-messtechnik.at\/de\/wp-json\/wp\/v2\/pages\/361"}],"wp:attachment":[{"href":"https:\/\/mhs-messtechnik.at\/de\/wp-json\/wp\/v2\/media?parent=281"}],"curies":[{"name":"wp","href":"https:\/\/api.w.org\/{rel}","templated":true}]}}