{"id":2245,"date":"2015-11-23T11:07:47","date_gmt":"2015-11-23T11:07:47","guid":{"rendered":"http:\/\/keysoft-wp.keydesign-themes.com\/?page_id=7"},"modified":"2026-03-11T08:43:34","modified_gmt":"2026-03-11T08:43:34","slug":"about-us","status":"publish","type":"page","link":"https:\/\/mhs-messtechnik.at\/de\/home\/about-us\/","title":{"rendered":"Ihr Partner f\u00fcr Pr\u00e4zisions-L\u00e4ngenmesstechnik und <br\/> CAQ-Applikationen!"},"content":{"rendered":"<div class=\"wpb-content-wrapper\"><p>[vc_row][vc_column offset=&#8221;vc_hidden-md vc_hidden-sm vc_hidden-xs&#8221;][vc_empty_space height=&#8221;60&#8243;][\/vc_column][\/vc_row][vc_row][vc_column width=&#8221;1\/6&#8243;][\/vc_column][vc_column width=&#8221;2\/3&#8243;][vc_custom_heading text=&#8221;Ihr Partner f\u00fcr Pr\u00e4zisions-L\u00e4ngenmesstechnik und<br \/>\nCAQ-Applikationen!&#8221; font_container=&#8221;tag:h1|text_align:center&#8221; use_theme_fonts=&#8221;yes&#8221; css=&#8221;&#8221;][vc_empty_space height=&#8221;30&#8243;][vc_custom_heading text=&#8221;Wir sind seit \u00fcber 30 Jahren im Bereich der Pr\u00e4zisions-L\u00e4ngenmesstechnik und Qualit\u00e4tssicherung am internationalen Markt t\u00e4tig. Unsere Kund:innen finden sich in der kunststoff- und metallverarbeitenden Industrie, wie dem Automotiv-, dem Anlagen- und dem Maschinenbau. Ebenso werden Kunden im Medical-Bereich von uns beliefert. F\u00fcr weitere Informationen kontaktieren Sie unsere langj\u00e4hrigen Mitarbeiter, die in unserem Familienunternehmen jederzeit und sehr gerne f\u00fcr Sie zur Verf\u00fcgung stehen. Sie finden hier einen kleinen \u00dcberblick unseres Angebotes an Produkten und Dienstleistungen.&#8221; font_container=&#8221;tag:p|text_align:center&#8221; use_theme_fonts=&#8221;yes&#8221; css=&#8221;&#8221;][vc_empty_space height=&#8221;60&#8243;][\/vc_column][vc_column width=&#8221;1\/6&#8243;][\/vc_column][\/vc_row][vc_row][vc_column width=&#8221;1\/5&#8243;][vc_single_image image=&#8221;5438&#8243; img_size=&#8221;medium&#8221; onclick=&#8221;custom_link&#8221; css_animation=&#8221;fadeIn&#8221; css=&#8221;&#8221; link=&#8221;\/messtechnik&#8221;][vc_column_text el_class=&#8221;tb-font-change&#8221;]Messtechnik[\/vc_column_text][\/vc_column][vc_column width=&#8221;1\/5&#8243;][vc_single_image image=&#8221;5442&#8243; img_size=&#8221;medium&#8221; onclick=&#8221;custom_link&#8221; css_animation=&#8221;fadeIn&#8221; css=&#8221;&#8221; link=&#8221;\/software&#8221;][vc_column_text el_class=&#8221;tb-font-change&#8221;]Software[\/vc_column_text][\/vc_column][vc_column width=&#8221;1\/5&#8243;][vc_single_image image=&#8221;5445&#8243; img_size=&#8221;medium&#8221; onclick=&#8221;custom_link&#8221; css_animation=&#8221;fadeIn&#8221; css=&#8221;&#8221; link=&#8221;\/messelektronik&#8221;][vc_column_text el_class=&#8221;tb-font-change&#8221;]Messelektronik[\/vc_column_text][\/vc_column][vc_column width=&#8221;1\/5&#8243;][vc_single_image image=&#8221;5447&#8243; img_size=&#8221;medium&#8221; onclick=&#8221;custom_link&#8221; css_animation=&#8221;fadeIn&#8221; css=&#8221;&#8221; link=&#8221;\/kalibrierung&#8221;][vc_column_text el_class=&#8221;tb-font-change&#8221;]Kalibrierung[\/vc_column_text][\/vc_column][vc_column width=&#8221;1\/5&#8243;][vc_single_image image=&#8221;5823&#8243; img_size=&#8221;medium&#8221; onclick=&#8221;custom_link&#8221; css_animation=&#8221;fadeIn&#8221; css=&#8221;&#8221; link=&#8221;\/engineering-beratung&#8221;][vc_column_text css=&#8221;&#8221; el_class=&#8221;tb-font-change&#8221;]Engineering\/Beratung[\/vc_column_text][\/vc_column][\/vc_row]<\/p>\n<\/div>","protected":false},"excerpt":{"rendered":"<p>[vc_row][vc_column offset=&#8221;vc_hidden-md vc_hidden-sm vc_hidden-xs&#8221;][vc_empty_space height=&#8221;60&#8243;][\/vc_column][\/vc_row][vc_row][vc_column width=&#8221;1\/6&#8243;][\/vc_column][vc_column width=&#8221;2\/3&#8243;][vc_custom_heading text=&#8221;Ihr Partner f\u00fcr Pr\u00e4zisions-L\u00e4ngenmesstechnik und CAQ-Applikationen!&#8221; font_container=&#8221;tag:h1|text_align:center&#8221; use_theme_fonts=&#8221;yes&#8221; css=&#8221;&#8221;][vc_empty_space height=&#8221;30&#8243;][vc_custom_heading text=&#8221;Wir sind seit \u00fcber 30 Jahren [&hellip;]<\/p>\n","protected":false},"author":7,"featured_media":0,"parent":361,"menu_order":2,"comment_status":"closed","ping_status":"closed","template":"","meta":{"footnotes":""},"class_list":["post-2245","page","type-page","status-publish","hentry"],"_links":{"self":[{"href":"https:\/\/mhs-messtechnik.at\/de\/wp-json\/wp\/v2\/pages\/2245","targetHints":{"allow":["GET"]}}],"collection":[{"href":"https:\/\/mhs-messtechnik.at\/de\/wp-json\/wp\/v2\/pages"}],"about":[{"href":"https:\/\/mhs-messtechnik.at\/de\/wp-json\/wp\/v2\/types\/page"}],"author":[{"embeddable":true,"href":"https:\/\/mhs-messtechnik.at\/de\/wp-json\/wp\/v2\/users\/7"}],"replies":[{"embeddable":true,"href":"https:\/\/mhs-messtechnik.at\/de\/wp-json\/wp\/v2\/comments?post=2245"}],"version-history":[{"count":103,"href":"https:\/\/mhs-messtechnik.at\/de\/wp-json\/wp\/v2\/pages\/2245\/revisions"}],"predecessor-version":[{"id":6581,"href":"https:\/\/mhs-messtechnik.at\/de\/wp-json\/wp\/v2\/pages\/2245\/revisions\/6581"}],"up":[{"embeddable":true,"href":"https:\/\/mhs-messtechnik.at\/de\/wp-json\/wp\/v2\/pages\/361"}],"wp:attachment":[{"href":"https:\/\/mhs-messtechnik.at\/de\/wp-json\/wp\/v2\/media?parent=2245"}],"curies":[{"name":"wp","href":"https:\/\/api.w.org\/{rel}","templated":true}]}}